{"id":121,"date":"2026-03-04T19:58:21","date_gmt":"2026-03-04T19:58:21","guid":{"rendered":"https:\/\/praxis-marius.de\/?page_id=121"},"modified":"2026-03-04T20:12:28","modified_gmt":"2026-03-04T20:12:28","slug":"stress-und-innere-unruhe","status":"publish","type":"page","link":"https:\/\/praxis-marius.de\/ro\/stress-und-innere-unruhe\/","title":{"rendered":"Stress und innere Unruhe"},"content":{"rendered":"<figure class=\"wp-block-image alignright size-large is-resized\"><img loading=\"lazy\" decoding=\"async\" width=\"683\" height=\"1024\" src=\"https:\/\/praxis-marius.de\/wp-content\/uploads\/2026\/03\/ChatGPT-Image-4.-Maerz-2026-21_08_45-683x1024.png\" alt=\"\" class=\"wp-image-126\" style=\"width:400px;height:auto\" srcset=\"https:\/\/praxis-marius.de\/wp-content\/uploads\/2026\/03\/ChatGPT-Image-4.-Maerz-2026-21_08_45-683x1024.png 683w, https:\/\/praxis-marius.de\/wp-content\/uploads\/2026\/03\/ChatGPT-Image-4.-Maerz-2026-21_08_45-200x300.png 200w, https:\/\/praxis-marius.de\/wp-content\/uploads\/2026\/03\/ChatGPT-Image-4.-Maerz-2026-21_08_45-768x1152.png 768w, https:\/\/praxis-marius.de\/wp-content\/uploads\/2026\/03\/ChatGPT-Image-4.-Maerz-2026-21_08_45-8x12.png 8w, https:\/\/praxis-marius.de\/wp-content\/uploads\/2026\/03\/ChatGPT-Image-4.-Maerz-2026-21_08_45.png 1024w\" sizes=\"auto, (max-width: 683px) 100vw, 683px\" \/><\/figure>\n\n\n\n<p>F\u00fchlst du dich oft innerlich angespannt, auch wenn eigentlich alles ruhig sein sollte?<br>Kreisen deine Gedanken weiter, obwohl dein K\u00f6rper m\u00fcde ist?<\/p>\n\n\n\n<p>Viele Menschen funktionieren im Alltag \u2013<br>doch innerlich bleibt der K\u00f6rper im Stressmodus.<\/p>\n\n\n\n<hr class=\"wp-block-separator has-alpha-channel-opacity\"\/>\n\n\n\n<h2 class=\"wp-block-heading\">Vielleicht erkennst du dich hier wieder<\/h2>\n\n\n\n<p>\u2022 Du kannst schwer abschalten<br>\u2022 Deine Gedanken h\u00f6ren nicht auf<br>\u2022 Du schl\u00e4fst unruhig oder wachst nachts auf<br>\u2022 Dein Nacken oder R\u00fccken ist st\u00e4ndig angespannt<br>\u2022 Du f\u00fchlst dich schneller ersch\u00f6pft als fr\u00fcher<br>\u2022 Du hast das Gef\u00fchl, nie wirklich zur Ruhe zu kommen<\/p>\n\n\n\n<p>Wenn dieser Zustand l\u00e4nger anh\u00e4lt, bleibt das Nervensystem dauerhaft unter Spannung.<br>Der K\u00f6rper verliert Schritt f\u00fcr Schritt sein inneres Gleichgewicht.<\/p>\n\n\n\n<hr class=\"wp-block-separator has-alpha-channel-opacity\"\/>\n\n\n\n<h2 class=\"wp-block-heading\">Ein erster Schritt zur\u00fcck zur Balance<\/h2>\n\n\n\n<p>Stress zu erkennen ist kein Zeichen von Schw\u00e4che.<br>Es ist oft der Moment, in dem Ver\u00e4nderung beginnen kann.<\/p>\n\n\n\n<p>In meiner Praxis begleite ich Menschen dabei,<br>aus dem dauerhaften Stressmodus herauszufinden<br>und wieder mehr innere Stabilit\u00e4t und Ruhe im Alltag zu entwickeln.<\/p>\n\n\n\n<p>Der Fokus liegt darauf,<\/p>\n\n\n\n<p>\u2022 innere Spannung zu reduzieren<br>\u2022 das Nervensystem zu beruhigen<br>\u2022 wieder mehr Klarheit und Energie zu gewinnen<\/p>\n\n\n\n<hr class=\"wp-block-separator has-alpha-channel-opacity\"\/>\n\n\n\n<h2 class=\"wp-block-heading\">Wenn du dich hier wiedererkennst<\/h2>\n\n\n\n<p>kann es sinnvoll sein, jetzt einen ersten Schritt zu machen.<\/p>\n\n\n\n<p><strong>\u2192 Termin vereinbaren<\/strong>    <a href=\"https:\/\/praxis-marius.de\/ro\/kontakt\/\">kontakt<\/a><\/p>\n\n\n\n<hr class=\"wp-block-separator has-alpha-channel-opacity\"\/>\n\n\n\n<h3 class=\"wp-block-heading\"><\/h3>","protected":false},"excerpt":{"rendered":"<p>F\u00fchlst du dich oft innerlich angespannt, auch wenn eigentlich alles ruhig sein sollte?Kreisen deine Gedanken weiter, obwohl dein K\u00f6rper m\u00fcde ist? Viele Menschen funktionieren im Alltag \u2013doch innerlich bleibt der K\u00f6rper im Stressmodus. Vielleicht erkennst du dich hier wieder \u2022 Du kannst schwer abschalten\u2022 Deine Gedanken h\u00f6ren nicht auf\u2022 Du schl\u00e4fst unruhig oder wachst nachts [&hellip;]<\/p>","protected":false},"author":1,"featured_media":0,"parent":0,"menu_order":0,"comment_status":"closed","ping_status":"closed","template":"","meta":{"_joinchat":[],"footnotes":""},"class_list":["post-121","page","type-page","status-publish","hentry"],"_links":{"self":[{"href":"https:\/\/praxis-marius.de\/ro\/wp-json\/wp\/v2\/pages\/121","targetHints":{"allow":["GET"]}}],"collection":[{"href":"https:\/\/praxis-marius.de\/ro\/wp-json\/wp\/v2\/pages"}],"about":[{"href":"https:\/\/praxis-marius.de\/ro\/wp-json\/wp\/v2\/types\/page"}],"author":[{"embeddable":true,"href":"https:\/\/praxis-marius.de\/ro\/wp-json\/wp\/v2\/users\/1"}],"replies":[{"embeddable":true,"href":"https:\/\/praxis-marius.de\/ro\/wp-json\/wp\/v2\/comments?post=121"}],"version-history":[{"count":2,"href":"https:\/\/praxis-marius.de\/ro\/wp-json\/wp\/v2\/pages\/121\/revisions"}],"predecessor-version":[{"id":128,"href":"https:\/\/praxis-marius.de\/ro\/wp-json\/wp\/v2\/pages\/121\/revisions\/128"}],"wp:attachment":[{"href":"https:\/\/praxis-marius.de\/ro\/wp-json\/wp\/v2\/media?parent=121"}],"curies":[{"name":"wp","href":"https:\/\/api.w.org\/{rel}","templated":true}]}}