{"id":37,"date":"2025-09-06T19:31:40","date_gmt":"2025-09-06T19:31:40","guid":{"rendered":"https:\/\/praxis-marius.de\/cookie-richtlinie-eu\/"},"modified":"2025-09-06T21:32:55","modified_gmt":"2025-09-06T21:32:55","slug":"cookie-richtlinie-eu","status":"publish","type":"page","link":"https:\/\/praxis-marius.de\/ro\/cookie-richtlinie-eu\/","title":{"rendered":"Cookie-Richtlinie (EU)"},"content":{"rendered":"<!-- Legal document generated by Complianz | GDPR\/CCPA Cookie Consent https:\/\/wordpress.org\/plugins\/complianz-gdpr -->\n<div id=\"cmplz-document\" class=\"cmplz-document cookie-statement cmplz-document-eu\"><p><i>Aceast\u0103 Politic\u0103 privind Cookie-urile a fost actualizat\u0103 ultima dat\u0103 la septembrie 6, 2025 \u0219i se aplic\u0103 cet\u0103\u021benilor \u0219i reziden\u021bilor permanen\u021bi din Spa\u021biul Economic European \u0219i Elve\u021bia.<\/i><br><\/p><h2>1. Introducere<\/h2><p>Acest site, <a href=\"https:\/\/praxis-marius.de\/ro\">https:\/\/praxis-marius.de\/ro<\/a> (denumit \u00een continuare \u201esite-ul\u201d), utilizeaz\u0103 fi\u0219iere tip cookie \u0219i alte tehnologii conexe (pentru comoditate, toate aceste tehnologii vor fi numite \u00een continuare, colectiv, \u201ecookie-uri\u201d). Cookie-urile sunt plasate \u0219i de ter\u021bi cu care colabor\u0103m. \u00cen documentul de mai jos te inform\u0103m despre utilizarea cookie-urilor pe site-ul nostru.<\/p><h2>2. Ce sunt cookie-urile?<\/h2><p>Un cookie este un fi\u0219ier simplu, de mici dimensiuni, care este trimis \u00eempreun\u0103 cu paginile acestui site web \u0219i stocat de browserul t\u0103u pe hard diskul computerului sau al altui dispozitiv. Informa\u021biile stocate acolo pot fi trimise \u00eenapoi c\u0103tre serverele noastre sau serverele ter\u021bilor relevan\u021bi, \u00een timpul unei vizite ulterioare.<\/p><h2>3. Ce sunt scripturile?<\/h2><p>Un script este un fragment de cod (de program), utilizat pentru ca site-ul nostru s\u0103 func\u021bioneze corect \u0219i interactiv. Acest cod este executat pe serverul nostru sau pe dispozitivul t\u0103u.<\/p><h2>4. Cookie-uri<\/h2><p class=\"cmplz-subtitle\">4.1 Cookie-uri tehnice sau func\u021bionale<\/p><p>Unele cookie-uri se asigur\u0103 c\u0103 anumite p\u0103r\u021bi ale site-ului func\u021bioneaz\u0103 corect \u0219i c\u0103 preferin\u021bele tale de utilizator r\u0103m\u00e2n cunoscute. Prin plasarea cookie-urilor func\u021bionale, \u00ee\u021bi este mai u\u0219or s\u0103 vizitezi site-ul nostru. \u00cen acest fel, nu trebuie s\u0103 introduci \u00een mod repetat acelea\u0219i informa\u021bii atunci c\u00e2nd vizitezi site-ul nostru \u0219i, de exemplu, articolele r\u0103m\u00e2n \u00een co\u0219ul de cump\u0103r\u0103turi p\u00e2n\u0103 c\u00e2nd pl\u0103te\u0219ti. Putem plasa aceste cookie-uri f\u0103r\u0103 consim\u021b\u0103m\u00e2ntul t\u0103u.<\/p><h2>5. Cookie-uri plasate<\/h2><div id=\"cmplz-cookies-overview\"><details class=\"cmplz-dropdown cmplz-service-desc cmplz-dropdown-cookiepolicy\">\n\t<summary class=\"cmplz-service-header\"><div>\n\t\t<h3>Complianz<\/h3>\n\t\t<p>Scop \u00een curs de investigare<\/p>\n\t\t<label for=\"cmplz_service_complianz\" class=\"cmplz_consent_per_service_label\"><span class=\"screen-reader-text\">Consent to service complianz<\/span><\/label>\n\t\t<input type=\"checkbox\" id=\"cmplz_service_complianz\" class=\"cmplz-accept-service cmplz-hidden\" data-service=\"complianz\" data-category=\"functional\"><\/div>\n\t<\/summary>\n\t<div class=\"cmplz-service-description\">\n\t\t<h4>Utilizare<\/h4>\n\t\t<p><\/p>\n\t<\/div>\n\t<div class=\"cmplz-sharing-data\">\n\t\t<h4>Partajarea datelor<\/h4>\n\t\t<p>Aceste date nu sunt partajate cu ter\u021bi.&nbsp;Pentru mai multe informa\u021bii, te rug\u0103m s\u0103 cite\u0219ti <a target=\"_blank\" rel=\"noopener noreferrer\" href=\"https:\/\/complianz.io\/legal\/privacy-statement\/\">Declara\u021bia de confiden\u021bialitate a Complianz<\/a>.<\/p>\n\t<\/div>\n\t<div class=\"cookies-per-purpose\">\n    <div class=\"purpose\"><h4>Scop \u00een curs de investigare<\/h4><\/div>\n    <div class=\"name-header\">\n\t<h5>Nume<\/h5>\n<\/div>\n<div class=\"name\"><a target=\"_blank\" rel=\"noopener noreferrer nofollow\" href=\"https:\/\/cookiedatabase.org\/cookie\/unknown-service\/cmplz_functional\/\">cmplz_functional<\/a><\/div>\n<div class=\"retention-header\">\n\t<h5>Expirare<\/h5>\n<\/div>\n<div class=\"retention\">365 zile<\/div>\n<div class=\"function-header\">\n\t<h5>Func\u021bionalitate<\/h5>\n<\/div>\n<div class=\"function\"><\/div>\n<div class=\"name-header\">\n\t<h5>Nume<\/h5>\n<\/div>\n<div class=\"name\"><a target=\"_blank\" rel=\"noopener noreferrer nofollow\" href=\"https:\/\/cookiedatabase.org\/cookie\/unknown-service\/cmplz_statistics\/\">cmplz_statistics<\/a><\/div>\n<div class=\"retention-header\">\n\t<h5>Expirare<\/h5>\n<\/div>\n<div class=\"retention\">365 zile<\/div>\n<div class=\"function-header\">\n\t<h5>Func\u021bionalitate<\/h5>\n<\/div>\n<div class=\"function\"><\/div>\n<div class=\"name-header\">\n\t<h5>Nume<\/h5>\n<\/div>\n<div class=\"name\"><a target=\"_blank\" rel=\"noopener noreferrer nofollow\" href=\"https:\/\/cookiedatabase.org\/cookie\/unknown-service\/cmplz_preferences\/\">cmplz_preferences<\/a><\/div>\n<div class=\"retention-header\">\n\t<h5>Expirare<\/h5>\n<\/div>\n<div class=\"retention\">365 zile<\/div>\n<div class=\"function-header\">\n\t<h5>Func\u021bionalitate<\/h5>\n<\/div>\n<div class=\"function\"><\/div>\n<div class=\"name-header\">\n\t<h5>Nume<\/h5>\n<\/div>\n<div class=\"name\"><a target=\"_blank\" rel=\"noopener noreferrer nofollow\" href=\"https:\/\/cookiedatabase.org\/cookie\/unknown-service\/cmplz_marketing\/\">cmplz_marketing<\/a><\/div>\n<div class=\"retention-header\">\n\t<h5>Expirare<\/h5>\n<\/div>\n<div class=\"retention\">365 zile<\/div>\n<div class=\"function-header\">\n\t<h5>Func\u021bionalitate<\/h5>\n<\/div>\n<div class=\"function\"><\/div>\n<div class=\"name-header\">\n\t<h5>Nume<\/h5>\n<\/div>\n<div class=\"name\"><a target=\"_blank\" rel=\"noopener noreferrer nofollow\" href=\"https:\/\/cookiedatabase.org\/cookie\/unknown-service\/cmplz_consented_services\/\">cmplz_consented_services<\/a><\/div>\n<div class=\"retention-header\">\n\t<h5>Expirare<\/h5>\n<\/div>\n<div class=\"retention\">365 zile<\/div>\n<div class=\"function-header\">\n\t<h5>Func\u021bionalitate<\/h5>\n<\/div>\n<div class=\"function\"><\/div>\n<div class=\"name-header\">\n\t<h5>Nume<\/h5>\n<\/div>\n<div class=\"name\"><a target=\"_blank\" rel=\"noopener noreferrer nofollow\" href=\"https:\/\/cookiedatabase.org\/cookie\/unknown-service\/cmplz_policy_id\/\">cmplz_policy_id<\/a><\/div>\n<div class=\"retention-header\">\n\t<h5>Expirare<\/h5>\n<\/div>\n<div class=\"retention\">365 zile<\/div>\n<div class=\"function-header\">\n\t<h5>Func\u021bionalitate<\/h5>\n<\/div>\n<div class=\"function\"><\/div>\n<div class=\"name-header\">\n\t<h5>Nume<\/h5>\n<\/div>\n<div class=\"name\"><a target=\"_blank\" rel=\"noopener noreferrer nofollow\" href=\"https:\/\/cookiedatabase.org\/cookie\/unknown-service\/cmplz_banner-status\/\">cmplz_banner-status<\/a><\/div>\n<div class=\"retention-header\">\n\t<h5>Expirare<\/h5>\n<\/div>\n<div class=\"retention\">365 zile<\/div>\n<div class=\"function-header\">\n\t<h5>Func\u021bionalitate<\/h5>\n<\/div>\n<div class=\"function\"><\/div>\n\n<\/div>\n<\/details>\n<details class=\"cmplz-dropdown cmplz-service-desc cmplz-dropdown-cookiepolicy\">\n\t<summary class=\"cmplz-service-header\"><div>\n\t\t<h3>WordPress<\/h3>\n\t\t<p>Scop \u00een curs de investigare<\/p>\n\t\t<label for=\"cmplz_service_wordpress\" class=\"cmplz_consent_per_service_label\"><span class=\"screen-reader-text\">Consent to service wordpress<\/span><\/label>\n\t\t<input type=\"checkbox\" id=\"cmplz_service_wordpress\" class=\"cmplz-accept-service cmplz-hidden\" data-service=\"wordpress\" data-category=\"functional\"><\/div>\n\t<\/summary>\n\t<div class=\"cmplz-service-description\">\n\t\t<h4>Utilizare<\/h4>\n\t\t<p><\/p>\n\t<\/div>\n\t<div class=\"cmplz-sharing-data\">\n\t\t<h4>Partajarea datelor<\/h4>\n\t\t<p>Aceste date nu sunt partajate cu ter\u021bi.<\/p>\n\t<\/div>\n\t<div class=\"cookies-per-purpose\">\n    <div class=\"purpose\"><h4>Scop \u00een curs de investigare<\/h4><\/div>\n    <div class=\"name-header\">\n\t<h5>Nume<\/h5>\n<\/div>\n<div class=\"name\"><a target=\"_blank\" rel=\"noopener noreferrer nofollow\" href=\"https:\/\/cookiedatabase.org\/cookie\/unknown-service\/wpemojisettingssupports\/\">wpEmojiSettingsSupports<\/a><\/div>\n<div class=\"retention-header\">\n\t<h5>Expirare<\/h5>\n<\/div>\n<div class=\"retention\"><\/div>\n<div class=\"function-header\">\n\t<h5>Func\u021bionalitate<\/h5>\n<\/div>\n<div class=\"function\"><\/div>\n<div class=\"name-header\">\n\t<h5>Nume<\/h5>\n<\/div>\n<div class=\"name\"><a target=\"_blank\" rel=\"noopener noreferrer nofollow\" href=\"https:\/\/cookiedatabase.org\/cookie\/unknown-service\/wp_preferences_user_\/\">WP_PREFERENCES_USER_*<\/a><\/div>\n<div class=\"retention-header\">\n\t<h5>Expirare<\/h5>\n<\/div>\n<div class=\"retention\"><\/div>\n<div class=\"function-header\">\n\t<h5>Func\u021bionalitate<\/h5>\n<\/div>\n<div class=\"function\"><\/div>\n<div class=\"name-header\">\n\t<h5>Nume<\/h5>\n<\/div>\n<div class=\"name\"><a target=\"_blank\" rel=\"noopener noreferrer nofollow\" href=\"https:\/\/cookiedatabase.org\/cookie\/unknown-service\/wp-settings-time\/\">wp-settings-time-*<\/a><\/div>\n<div class=\"retention-header\">\n\t<h5>Expirare<\/h5>\n<\/div>\n<div class=\"retention\"><\/div>\n<div class=\"function-header\">\n\t<h5>Func\u021bionalitate<\/h5>\n<\/div>\n<div class=\"function\"><\/div>\n<div class=\"name-header\">\n\t<h5>Nume<\/h5>\n<\/div>\n<div class=\"name\"><a target=\"_blank\" rel=\"noopener noreferrer nofollow\" href=\"https:\/\/cookiedatabase.org\/cookie\/unknown-service\/wordpress_test_cookie\/\">wordpress_test_cookie<\/a><\/div>\n<div class=\"retention-header\">\n\t<h5>Expirare<\/h5>\n<\/div>\n<div class=\"retention\"><\/div>\n<div class=\"function-header\">\n\t<h5>Func\u021bionalitate<\/h5>\n<\/div>\n<div class=\"function\"><\/div>\n<div class=\"name-header\">\n\t<h5>Nume<\/h5>\n<\/div>\n<div class=\"name\"><a target=\"_blank\" rel=\"noopener noreferrer nofollow\" href=\"https:\/\/cookiedatabase.org\/cookie\/unknown-service\/wordpress_logged_in_\/\">wordpress_logged_in_*<\/a><\/div>\n<div class=\"retention-header\">\n\t<h5>Expirare<\/h5>\n<\/div>\n<div class=\"retention\"><\/div>\n<div class=\"function-header\">\n\t<h5>Func\u021bionalitate<\/h5>\n<\/div>\n<div class=\"function\"><\/div>\n<div class=\"name-header\">\n\t<h5>Nume<\/h5>\n<\/div>\n<div class=\"name\"><a target=\"_blank\" rel=\"noopener noreferrer nofollow\" href=\"https:\/\/cookiedatabase.org\/cookie\/unknown-service\/wp-settings\/\">wp-settings-*<\/a><\/div>\n<div class=\"retention-header\">\n\t<h5>Expirare<\/h5>\n<\/div>\n<div class=\"retention\"><\/div>\n<div class=\"function-header\">\n\t<h5>Func\u021bionalitate<\/h5>\n<\/div>\n<div class=\"function\"><\/div>\n\n<\/div>\n<\/details>\n<\/div><h2>6. Consim\u0163\u0103m\u00e2nt<\/h2><p>C\u00e2nd vizitezi pentru prima dat\u0103 site-ul nostru, \u00ee\u021bi vom ar\u0103ta o fereastr\u0103 pop-up cu o explica\u021bie despre cookie-uri. Ap\u0103s\u00e2nd pe Save preferences, \u00ee\u021bi exprimi consim\u021b\u0103m\u00e2ntul pentru utilizarea de c\u0103tre noi a categoriilor de cookie-uri \u0219i module selectate \u00een pop-up, conform descrierii din aceast\u0103 Politic\u0103 privind cookie-urlie. Po\u021bi bloca folosirea cookie-urilor din navigatorul pe care \u00eel folose\u0219ti, dar te rug\u0103m s\u0103 \u021bii cont de faptul c\u0103 \u00een acest caz e posibil ca site-ul nostru s\u0103 nu mai func\u021bioneze corespunz\u0103tor.<\/p><p class=\"cmplz-subtitle\">6.1 Gestioneaz\u0103 set\u0103rile de consim\u021b\u0103m\u00e2nt<\/p><div id=\"cmplz-manage-consent-container-nojavascript\">Ai \u00eenc\u0103rcat Politica privind Cookie-urile f\u0103r\u0103 suport javascript.&nbsp;\u00cen AMP, po\u021bi utiliza butonul de gestionare a consim\u021b\u0103m\u00e2ntului din partea de jos a paginii.<\/div><div id=\"cmplz-manage-consent-container\" name=\"cmplz-manage-consent-container\" class=\"cmplz-manage-consent-container\"><\/div><h2>7. Activarea \/ dezactivarea \u0219i \u0219tergerea cookie-urilor<\/h2><p>Po\u021bi utiliza navigatorul t\u0103u de internet pentru a \u0219terge automat sau manual cookie-urile. De asemenea, po\u021bi specifica faptul c\u0103 anumite cookie-uri nu pot fi plasate. O alt\u0103 op\u021biune este s\u0103 modifici set\u0103rile navigatorului de internet, astfel \u00eenc\u00e2t s\u0103 prime\u0219ti un mesaj de fiecare dat\u0103 c\u00e2nd este plasat un fi\u0219ier cookie. Pentru mai multe informa\u021bii despre aceste op\u021biuni, te rug\u0103m s\u0103 consul\u021bi instruc\u021biunile din sec\u021biunea Ajutor a navigatorului t\u0103u.<\/p><p>Te rug\u0103m s\u0103 re\u021bii c\u0103 site-ul nostru nu poate func\u021biona corect dac\u0103 toate cookie-urile sunt dezactivate. Dac\u0103 \u0219tergi cookie-urile din browserul t\u0103u, acestea vor fi plasate din nou dup\u0103 consim\u021b\u0103m\u00e2ntul t\u0103u, atunci c\u00e2nd vizitezi din nou site-ul nostru.<\/p><h2>8. Drepturile tale cu privire la datele cu caracter personal<\/h2><p>Ai urm\u0103toarele drepturi cu privire la datele tale personale:<\/p><ul>\n                    <li>Ai dreptul s\u0103 \u0219tii de ce sunt necesare datele tale personale, ce se va \u00eent\u00e2mpla cu acestea \u0219i c\u00e2t timp vor fi p\u0103strate.<\/li>\n                    <li>Dreptul de acces: Ai dreptul de a accesa datele tale personale pe care le cunoa\u0219tem.<\/li>\n                    <li>Dreptul la rectificare: ai dreptul de a completa, corecta, \u0219terge sau bloca datele tale personale ori de c\u00e2te ori dore\u0219ti.<\/li>\n                    <li>Dac\u0103 ne dai consim\u021b\u0103m\u00e2ntul pentru a prelucra datele tale, ai dreptul de a revoca consim\u021b\u0103m\u00e2ntul respectiv \u0219i de a solicita \u0219tergerea datelor personale.<\/li>\n                    <li>Dreptul de a \u00ee\u021bi transfera datele: ai dreptul de a solicita toate datele tale personale de la operator \u0219i de a le transfera \u00een \u00eentregime c\u0103tre alt operator.<\/li>\n                    <li>Dreptul de a obiecta: te po\u021bi opune prelucr\u0103rii datelor tale. Respect\u0103m acest lucru, cu excep\u021bia cazului \u00een care exist\u0103 motive justificate pentru prelucrare.<\/li>\n                <\/ul><p>Pentru exercitarea acestor drepturi, te rug\u0103m s\u0103 ne contactezi. Te rug\u0103m s\u0103 folose\u0219ti detaliile de contact din partea de jos a acestei Politici privind cookie-urile. Dac\u0103 ai o reclama\u021bie cu privire la modul \u00een care gestion\u0103m datele tale, am dori s\u0103 ne comunici acest lucru, dar ai \u0219i dreptul de a depune o reclama\u021bie la autoritatea de supraveghere (Autoritatea Na\u021bional\u0103 de Supraveghere a Prelucr\u0103rii Datelor cu Caracter Personal).<\/p><h2>9. Date de contact<\/h2><p>Pentru \u00eentreb\u0103ri \u0219i \/ sau comentarii despre Politica noastr\u0103 privind Cookie-urile \u0219i aceast\u0103 declara\u021bie, te rug\u0103m s\u0103 ne contactezi utiliz\u00e2nd urm\u0103toarele detalii de contact:<\/p><p><span class=\"cmplz-contact-organisation\">Praxis Marius- Ganzheitliche Gesundheitsberatung und Coach, Marius Costachi<\/span><br>\n                      <span class=\"cmplz-contact-address\">Petriteich 6, 99974 M\u00fchlhausen\/ Th\u00fcringen <\/span><br>\n                      <span class=\"cmplz-contact-country\">Germania<\/span><br>\n                    Site: <span class=\"cmplz-contact-domain\"><a href=\"https:\/\/praxis-marius.de\/ro\">https:\/\/praxis-marius.de\/ro<\/a><\/span><br>\n                    Email: <span class=\"cmplz-contact-email\"><span class=\"cmplz-obfuscate\">k&#111;&#110;&#116;&#097;kt@<span class=\"cmplz-fmail-domain\">&#101;&#120;.c&#111;m<\/span>p&#114;&#097;xis-marius.d&#101;<\/span><\/span><br>\n                    <span class=\"cmplz-contact-telephone\">Num\u0103r de telefon: 01745208084<\/span><\/p><p>Aceast\u0103 Politic\u0103 privind Cookie-urile a fost sincronizat\u0103 cu <a href=\"https:\/\/cookiedatabase.org\/\" target=\"_blank\">cookiedatabase.org<\/a> la aprilie 3, 2026.<\/p><\/div>","protected":false},"excerpt":{"rendered":"","protected":false},"author":1,"featured_media":0,"parent":0,"menu_order":0,"comment_status":"closed","ping_status":"closed","template":"","meta":{"_joinchat":[],"footnotes":""},"class_list":["post-37","page","type-page","status-publish","hentry"],"_links":{"self":[{"href":"https:\/\/praxis-marius.de\/ro\/wp-json\/wp\/v2\/pages\/37","targetHints":{"allow":["GET"]}}],"collection":[{"href":"https:\/\/praxis-marius.de\/ro\/wp-json\/wp\/v2\/pages"}],"about":[{"href":"https:\/\/praxis-marius.de\/ro\/wp-json\/wp\/v2\/types\/page"}],"author":[{"embeddable":true,"href":"https:\/\/praxis-marius.de\/ro\/wp-json\/wp\/v2\/users\/1"}],"replies":[{"embeddable":true,"href":"https:\/\/praxis-marius.de\/ro\/wp-json\/wp\/v2\/comments?post=37"}],"version-history":[{"count":1,"href":"https:\/\/praxis-marius.de\/ro\/wp-json\/wp\/v2\/pages\/37\/revisions"}],"predecessor-version":[{"id":40,"href":"https:\/\/praxis-marius.de\/ro\/wp-json\/wp\/v2\/pages\/37\/revisions\/40"}],"wp:attachment":[{"href":"https:\/\/praxis-marius.de\/ro\/wp-json\/wp\/v2\/media?parent=37"}],"curies":[{"name":"wp","href":"https:\/\/api.w.org\/{rel}","templated":true}]}}