{"id":44,"date":"2025-09-06T22:11:58","date_gmt":"2025-09-06T22:11:58","guid":{"rendered":"https:\/\/praxis-marius.de\/?page_id=44"},"modified":"2025-09-06T22:11:59","modified_gmt":"2025-09-06T22:11:59","slug":"impressum","status":"publish","type":"page","link":"https:\/\/praxis-marius.de\/ro\/impressum\/","title":{"rendered":"Impressum"},"content":{"rendered":"<p><strong>Angaben gem\u00e4\u00df \u00a7 5 TMG<\/strong><\/p>\n\n\n\n<p>Praxis Marius \u2013 Ganzheitliche Gesundheitsberatung und Coach<br>Marius Costachi<br>Petriteich 6<br>99974 M\u00fchlhausen\/Th\u00fcringen<br>Deutschland<\/p>\n\n\n\n<p><strong>Kontakt<\/strong><br>Telefon: 01745208084<br>E-Mail: <a>kontakt@praxis-marius.de<\/a><\/p>\n\n\n\n<p><strong>Berufsbezeichnung<\/strong><br>Gesundheitsberater und Coach f\u00fcr Gesundheit  &amp;  Pr\u00e4vention  <br>(Hinweis: Keine medizinische Behandlung, keine Heilkunde im Sinne des Heilpraktikergesetzes.)<\/p>\n\n\n\n<p><strong>Umsatzsteuer-ID<\/strong><br>Wird nachgereicht (vom Finanzamt vergeben).<\/p>\n\n\n\n<p><strong>Verantwortlich f\u00fcr den Inhalt nach \u00a7 55 Abs. 2 RStV<\/strong><br>Marius Costachi<br>Petriteich 6<br>99974 M\u00fchlhausen\/Th\u00fcringen<\/p>\n\n\n\n<hr class=\"wp-block-separator has-alpha-channel-opacity\"\/>\n\n\n\n<h3 class=\"wp-block-heading\">Haftungsausschluss (Disclaimer)<\/h3>\n\n\n\n<p><strong>Haftung f\u00fcr Inhalte<\/strong><br>Die Inhalte unserer Seiten wurden mit gr\u00f6\u00dfter Sorgfalt erstellt. F\u00fcr die Richtigkeit, Vollst\u00e4ndigkeit und Aktualit\u00e4t der Inhalte k\u00f6nnen wir jedoch keine Gew\u00e4hr \u00fcbernehmen. Als Diensteanbieter sind wir gem\u00e4\u00df \u00a7 7 Abs.1 TMG f\u00fcr eigene Inhalte auf diesen Seiten nach den allgemeinen Gesetzen verantwortlich. Nach \u00a7\u00a7 8 bis 10 TMG sind wir jedoch nicht verpflichtet, \u00fcbermittelte oder gespeicherte fremde Informationen zu \u00fcberwachen oder nach Umst\u00e4nden zu forschen, die auf eine rechtswidrige T\u00e4tigkeit hinweisen. Verpflichtungen zur Entfernung oder Sperrung der Nutzung von Informationen nach den allgemeinen Gesetzen bleiben hiervon unber\u00fchrt. Eine diesbez\u00fcgliche Haftung ist jedoch erst ab dem Zeitpunkt der Kenntnis einer konkreten Rechtsverletzung m\u00f6glich. Bei Bekanntwerden von entsprechenden Rechtsverletzungen werden wir diese Inhalte umgehend entfernen.<\/p>\n\n\n\n<p><strong>Haftung f\u00fcr Links<\/strong><br>Unser Angebot enth\u00e4lt Links zu externen Websites Dritter, auf deren Inhalte wir keinen Einfluss haben. Deshalb k\u00f6nnen wir f\u00fcr diese fremden Inhalte auch keine Gew\u00e4hr \u00fcbernehmen. F\u00fcr die Inhalte der verlinkten Seiten ist stets der jeweilige Anbieter oder Betreiber der Seiten verantwortlich. Die verlinkten Seiten wurden zum Zeitpunkt der Verlinkung auf m\u00f6gliche Rechtsverst\u00f6\u00dfe \u00fcberpr\u00fcft. Rechtswidrige Inhalte waren zum Zeitpunkt der Verlinkung nicht erkennbar. Eine permanente inhaltliche Kontrolle der verlinkten Seiten ist jedoch ohne konkrete Anhaltspunkte einer Rechtsverletzung nicht zumutbar. Bei Bekanntwerden von Rechtsverletzungen werden wir derartige Links umgehend entfernen.<\/p>\n\n\n\n<p><strong>Urheberrecht<\/strong><br>Die durch die Seitenbetreiber erstellten Inhalte und Werke auf diesen Seiten unterliegen dem deutschen Urheberrecht. Die Vervielf\u00e4ltigung, Bearbeitung, Verbreitung und jede Art der Verwertung au\u00dferhalb der Grenzen des Urheberrechtes bed\u00fcrfen der schriftlichen Zustimmung des jeweiligen Autors bzw. Erstellers. Downloads und Kopien dieser Seite sind nur f\u00fcr den privaten, nicht kommerziellen Gebrauch gestattet.<\/p>","protected":false},"excerpt":{"rendered":"<p>Angaben gem\u00e4\u00df \u00a7 5 TMG Praxis Marius \u2013 Ganzheitliche Gesundheitsberatung und CoachMarius CostachiPetriteich 699974 M\u00fchlhausen\/Th\u00fcringenDeutschland KontaktTelefon: 01745208084E-Mail: kontakt@praxis-marius.de BerufsbezeichnungGesundheitsberater und Coach f\u00fcr Gesundheit &amp; Pr\u00e4vention (Hinweis: Keine medizinische Behandlung, keine Heilkunde im Sinne des Heilpraktikergesetzes.) Umsatzsteuer-IDWird nachgereicht (vom Finanzamt vergeben). Verantwortlich f\u00fcr den Inhalt nach \u00a7 55 Abs. 2 RStVMarius CostachiPetriteich 699974 M\u00fchlhausen\/Th\u00fcringen Haftungsausschluss (Disclaimer) [&hellip;]<\/p>","protected":false},"author":1,"featured_media":0,"parent":0,"menu_order":0,"comment_status":"closed","ping_status":"closed","template":"","meta":{"_joinchat":[],"footnotes":""},"class_list":["post-44","page","type-page","status-publish","hentry"],"_links":{"self":[{"href":"https:\/\/praxis-marius.de\/ro\/wp-json\/wp\/v2\/pages\/44","targetHints":{"allow":["GET"]}}],"collection":[{"href":"https:\/\/praxis-marius.de\/ro\/wp-json\/wp\/v2\/pages"}],"about":[{"href":"https:\/\/praxis-marius.de\/ro\/wp-json\/wp\/v2\/types\/page"}],"author":[{"embeddable":true,"href":"https:\/\/praxis-marius.de\/ro\/wp-json\/wp\/v2\/users\/1"}],"replies":[{"embeddable":true,"href":"https:\/\/praxis-marius.de\/ro\/wp-json\/wp\/v2\/comments?post=44"}],"version-history":[{"count":1,"href":"https:\/\/praxis-marius.de\/ro\/wp-json\/wp\/v2\/pages\/44\/revisions"}],"predecessor-version":[{"id":45,"href":"https:\/\/praxis-marius.de\/ro\/wp-json\/wp\/v2\/pages\/44\/revisions\/45"}],"wp:attachment":[{"href":"https:\/\/praxis-marius.de\/ro\/wp-json\/wp\/v2\/media?parent=44"}],"curies":[{"name":"wp","href":"https:\/\/api.w.org\/{rel}","templated":true}]}}